{"id":204,"date":"2024-10-24T09:45:22","date_gmt":"2024-10-24T09:45:22","guid":{"rendered":"https:\/\/arkikom.com\/udvikling\/about\/"},"modified":"2024-11-10T11:10:10","modified_gmt":"2024-11-10T11:10:10","slug":"about","status":"publish","type":"page","link":"https:\/\/arkikom.com\/sv\/about\/","title":{"rendered":"Om"},"content":{"rendered":"<p>[et_pb_section fb_built=&#8221;1&#8243; admin_label=&#8221;Header&#8221; _builder_version=&#8221;4.20.0&#8243; _module_preset=&#8221;default&#8221; min_height=&#8221;221px&#8221; collapsed=&#8221;on&#8221; global_colors_info=&#8221;{}&#8221;][et_pb_row _builder_version=&#8221;4.20.0&#8243; _module_preset=&#8221;default&#8221; global_colors_info=&#8221;{}&#8221;][et_pb_column type=&#8221;4_4&#8243; _builder_version=&#8221;4.20.0&#8243; _module_preset=&#8221;default&#8221; global_colors_info=&#8221;{}&#8221;][et_pb_text _builder_version=&#8221;4.20.0&#8243; _module_preset=&#8221;9ff7821d-e713-4d20-a71d-0bc1f820ff0b&#8221; text_orientation=&#8221;center&#8221; global_colors_info=&#8221;{}&#8221;]<\/p>\n<h1>Om\u00a0 arkIkom<\/h1>\n<p>[\/et_pb_text][\/et_pb_column][\/et_pb_row][\/et_pb_section][et_pb_section fb_built=&#8221;1&#8243; admin_label=&#8221;Call to Action&#8221; _builder_version=&#8221;4.27.2&#8243; _module_preset=&#8221;default&#8221; background_color=&#8221;#FFFFFF&#8221; use_background_color_gradient=&#8221;on&#8221; background_color_gradient_stops=&#8221;rgba(56,58,1,0.18) 0%|rgba(89,88,18,0.35) 100%&#8221; background_enable_image=&#8221;off&#8221; min_height=&#8221;411px&#8221; custom_margin=&#8221;0px||||false|false&#8221; custom_padding=&#8221;0px||0px||true|false&#8221; background_last_edited=&#8221;off|desktop&#8221; background_position_tablet=&#8221;center&#8221; background_position_phone=&#8221;center&#8221; locked=&#8221;off&#8221; collapsed=&#8221;on&#8221; global_colors_info=&#8221;{}&#8221;][et_pb_row custom_padding_last_edited=&#8221;on|tablet&#8221; _builder_version=&#8221;4.27.2&#8243; _module_preset=&#8221;default&#8221; custom_margin=&#8221;0px||||false|false&#8221; custom_padding=&#8221;|120px||120px|false|true&#8221; custom_padding_tablet=&#8221;|8%||8%|false|true&#8221; custom_padding_phone=&#8221;||||false|false&#8221; global_colors_info=&#8221;{}&#8221;][et_pb_column type=&#8221;4_4&#8243; _builder_version=&#8221;4.20.0&#8243; _module_preset=&#8221;default&#8221; global_colors_info=&#8221;{}&#8221;][et_pb_text _builder_version=&#8221;4.27.2&#8243; _module_preset=&#8221;e2cda53c-0a9f-40eb-8abc-cd743c4177b7&#8243; text_text_color=&#8221;#FFFFFF&#8221; custom_padding=&#8221;8px||0px|||&#8221; locked=&#8221;off&#8221; global_colors_info=&#8221;{}&#8221;]<\/p>\n<p><span style=\"color: #000000;\">ARKiKOM grundades i maj 2021 av Jonas Snickert, arkitekt MAA.<\/span><br \/><span style=\"color: #000000;\">ARKiKOM \u00e4r den plattform d\u00e4r Jonas kunskapstj\u00e4nster erbjuds till kunder i Skandinavien. Jonas \u00e4r ocks\u00e5 partner i BAUS Arkitekur i Norge, som levererar tj\u00e4nster inom alla typer av arkitektoniska segment.   <br \/>Jonas var tidigare en av del\u00e4garna i arkitektbyr\u00e5n \u00c5rstiderne Arkitekter och har mer \u00e4n 20 \u00e5rs erfarenhet av detaljhandelsprojekt.<\/span><\/p>\n<p><span style=\"color: #000000;\">M\u00e5let f\u00f6r ARKiKOM \u00e4r att fokusera p\u00e5 detaljhandelssegmentet d\u00e4r m\u00e5nga \u00e5rs erfarenhet kan omvandlas till framg\u00e5ngsrika aff\u00e4rsl\u00f6sningar. Prim\u00e4rt fokus f\u00f6r ARKiKOM \u00e4r att leverera r\u00e5dgivning inom detaljhandelsarkitektur f\u00f6r utvecklare av detaljhandelsparker och butiker i Skandinavien. <\/span><\/p>\n<p><span style=\"color: #000000;\">ARKiKOM har kontor i Sverige och Danmark samt tillg\u00e5ng till kontor hos BAUS Arkitketur i Norge, men arbetar huvudsakligen med videokonferenser i tidiga utvecklingsfaser. Detta \u00f6ppnar upp f\u00f6r deltagande i m\u00e5nga olika projekt samtidigt i hela Skandinavien. <\/span><\/p>\n<p><span style=\"color: #000000;\">Referenserna f\u00f6r Jonas Snickert \u00e4r m\u00e5nga, med mer \u00e4n 20 \u00e5rs erfarenhet inom detaljhandelssegmentet.<\/span><br \/><span style=\"color: #000000;\"><\/span><\/p>\n<p><span style=\"color: #000000;\">Nedan n\u00e5gra exempel :<\/span><\/p>\n<p>&nbsp;<\/p>\n<ul>\n<li><span style=\"color: #000000;\">Ett brett spektrum av arkitektoniska omprofilerings- och uppdateringsprojekt s\u00e5som H\u00e4rl\u00f6v Handelsplats och L\u00e4nna Market<\/span><br \/><span style=\"color: #000000;\">(Sverige)<\/span><\/li>\n<li><span style=\"color: #000000;\">Nya handelsplatser som Mora Noret, Storlien Fjellhandel, Sk\u00f6vde KV Zinken och Alings\u00e5s Bolltorp (Sverige)<\/span><\/li>\n<li><span style=\"color: #000000;\">Nya frist\u00e5ende byggnader f\u00f6r en eller tv\u00e5 hyresg\u00e4ster fr\u00e5n s\u00f6dra till norra Skandinavien<\/span><br \/><span style=\"color: #000000;\">(Sverige, Norge, Danmark)<\/span><\/li>\n<li><span style=\"color: #000000;\">Renovering av detaljhandelsprojekt och hyreskontrakt i hela Skandinavien (Sverige, Norge, Danmark)<\/span><\/li>\n<li><span style=\"color: #000000;\">Ett brett utbud av BMW Brand Architecture-implementeringar i Skandinavien, till exempel BMW Aarhus.<\/span><br \/><span style=\"color: #000000;\">(Danmark)<\/span><\/li>\n<li><span style=\"color: #000000;\">Tj\u00e4nster direkt f\u00f6r butiksvarum\u00e4rken som \u00e4r representerade i hela Skandinavien (Sverige, Norge, Danmark)<\/span><\/li>\n<li><span style=\"color: #000000;\">Logistiska byggnadsprojekt (Danmark, Sverige)<\/span><\/li>\n<\/ul>\n<p>[\/et_pb_text][\/et_pb_column][\/et_pb_row][\/et_pb_section][et_pb_section fb_built=&#8221;1&#8243; admin_label=&#8221;Footer&#8221; _builder_version=&#8221;4.20.0&#8243; _module_preset=&#8221;default&#8221; background_color=&#8221;#000000&#8243; saved_tabs=&#8221;all&#8221; locked=&#8221;off&#8221; collapsed=&#8221;on&#8221; global_colors_info=&#8221;{}&#8221;][et_pb_row _builder_version=&#8221;4.20.0&#8243; _module_preset=&#8221;default&#8221; global_colors_info=&#8221;{}&#8221;][et_pb_column type=&#8221;4_4&#8243; _builder_version=&#8221;4.20.0&#8243; _module_preset=&#8221;default&#8221; global_colors_info=&#8221;{}&#8221;][et_pb_text _builder_version=&#8221;4.20.0&#8243; _module_preset=&#8221;4ed9991f-288c-4912-b171-9ddd26849624&#8243; header_2_text_color=&#8221;#FFFFFF&#8221; text_orientation=&#8221;center&#8221; global_colors_info=&#8221;{}&#8221;]<\/p>\n<h2>Kontakt<\/h2>\n<p>[\/et_pb_text][\/et_pb_column][\/et_pb_row][et_pb_row column_structure=&#8221;1_3,1_3,1_3&#8243; _builder_version=&#8221;4.20.0&#8243; _module_preset=&#8221;default&#8221; border_color_all=&#8221;gcid-e6f8585f-043d-4f05-ad96-fb05b9e45208&#8243; border_width_top=&#8221;1px&#8221; global_colors_info=&#8221;{%22gcid-e6f8585f-043d-4f05-ad96-fb05b9e45208%22:%91%22border_color_all%22%93}&#8221;][et_pb_column type=&#8221;1_3&#8243; _builder_version=&#8221;4.20.0&#8243; _module_preset=&#8221;default&#8221; global_colors_info=&#8221;{}&#8221;][et_pb_text _builder_version=&#8221;4.20.0&#8243; _module_preset=&#8221;cbe0f673-3f1f-4967-8829-01c000937328&#8243; header_5_text_color=&#8221;#FFFFFF&#8221; custom_margin=&#8221;||0px||false|false&#8221; text_orientation_tablet=&#8221;center&#8221; text_orientation_phone=&#8221;&#8221; text_orientation_last_edited=&#8221;on|tablet&#8221; global_colors_info=&#8221;{}&#8221;]<\/p>\n<h5>Geografiskt omr\u00e5de och bolag<\/h5>\n<p>[\/et_pb_text][et_pb_text _builder_version=&#8221;4.27.2&#8243; _module_preset=&#8221;0bcfec9c-601a-4e64-84d5-be9ba0d9b063&#8243; text_text_color=&#8221;#FFFFFF&#8221; link_text_color=&#8221;gcid-e6f8585f-043d-4f05-ad96-fb05b9e45208&#8243; text_orientation_tablet=&#8221;center&#8221; text_orientation_phone=&#8221;&#8221; text_orientation_last_edited=&#8221;on|tablet&#8221; global_colors_info=&#8221;{%22gcid-e6f8585f-043d-4f05-ad96-fb05b9e45208%22:%91%22link_text_color%22%93}&#8221;]<\/p>\n<p>Skandinavien<br \/>ARKiKOM AB<br \/>ARKiKOM ApS<\/p>\n<p>[\/et_pb_text][\/et_pb_column][et_pb_column type=&#8221;1_3&#8243; _builder_version=&#8221;4.20.0&#8243; _module_preset=&#8221;default&#8221; global_colors_info=&#8221;{}&#8221;][et_pb_text _builder_version=&#8221;4.20.0&#8243; _module_preset=&#8221;cbe0f673-3f1f-4967-8829-01c000937328&#8243; header_5_text_color=&#8221;#FFFFFF&#8221; text_orientation=&#8221;center&#8221; custom_margin=&#8221;||0px||false|false&#8221; global_colors_info=&#8221;{}&#8221;]<\/p>\n<h5>Telefon<\/h5>\n<p>[\/et_pb_text][et_pb_text _builder_version=&#8221;4.27.2&#8243; _module_preset=&#8221;0bcfec9c-601a-4e64-84d5-be9ba0d9b063&#8243; text_text_color=&#8221;#FFFFFF&#8221; link_text_color=&#8221;gcid-e6f8585f-043d-4f05-ad96-fb05b9e45208&#8243; text_orientation=&#8221;center&#8221; global_colors_info=&#8221;{%22gcid-e6f8585f-043d-4f05-ad96-fb05b9e45208%22:%91%22link_text_color%22%93}&#8221;]<\/p>\n<p>SE: +46 076 125 25 24<br \/>DK: +45 2338 7155<\/p>\n<p>[\/et_pb_text][\/et_pb_column][et_pb_column type=&#8221;1_3&#8243; _builder_version=&#8221;4.20.0&#8243; _module_preset=&#8221;default&#8221; global_colors_info=&#8221;{}&#8221;][et_pb_text _builder_version=&#8221;4.20.0&#8243; _module_preset=&#8221;cbe0f673-3f1f-4967-8829-01c000937328&#8243; header_5_text_color=&#8221;#FFFFFF&#8221; text_orientation=&#8221;right&#8221; custom_margin=&#8221;||0px||false|false&#8221; text_orientation_tablet=&#8221;center&#8221; text_orientation_phone=&#8221;&#8221; text_orientation_last_edited=&#8221;on|tablet&#8221; global_colors_info=&#8221;{}&#8221;]<\/p>\n<h5>E-post<\/h5>\n<p>[\/et_pb_text][et_pb_text _builder_version=&#8221;4.27.2&#8243; _module_preset=&#8221;0bcfec9c-601a-4e64-84d5-be9ba0d9b063&#8243; link_text_color=&#8221;#FFFFFF&#8221; text_orientation=&#8221;right&#8221; text_orientation_tablet=&#8221;center&#8221; text_orientation_phone=&#8221;&#8221; text_orientation_last_edited=&#8221;on|tablet&#8221; global_colors_info=&#8221;{}&#8221;]<\/p>\n<p><a href=\"mailto:#\">js@arkikom.com<\/a><\/p>\n<p>[\/et_pb_text][\/et_pb_column][\/et_pb_row][\/et_pb_section]<\/p>\n","protected":false},"excerpt":{"rendered":"<p>Om\u00a0 arkIkomARKiKOM grundades i maj 2021 av Jonas Snickert, arkitekt MAA.ARKiKOM \u00e4r den plattform d\u00e4r Jonas kunskapstj\u00e4nster erbjuds till kunder i Skandinavien. Jonas \u00e4r ocks\u00e5 partner i BAUS Arkitekur i Norge, som levererar tj\u00e4nster inom alla typer av arkitektoniska segment. Jonas var tidigare en av del\u00e4garna i arkitektbyr\u00e5n \u00c5rstiderne Arkitekter och har mer \u00e4n 20 [&hellip;]<\/p>\n","protected":false},"author":1,"featured_media":0,"parent":0,"menu_order":0,"comment_status":"closed","ping_status":"closed","template":"","meta":{"_et_pb_use_builder":"on","_et_pb_old_content":"","_et_gb_content_width":"","footnotes":""},"class_list":["post-204","page","type-page","status-publish","hentry"],"yoast_head":"<!-- This site is optimized with the Yoast SEO plugin v27.1.1 - https:\/\/yoast.com\/product\/yoast-seo-wordpress\/ -->\n<title>Om - Arkikom<\/title>\n<meta name=\"robots\" content=\"noindex, follow, max-snippet:-1, max-image-preview:large, max-video-preview:-1\" \/>\n<meta property=\"og:locale\" content=\"sv_SE\" \/>\n<meta property=\"og:type\" content=\"article\" \/>\n<meta property=\"og:title\" content=\"Om - Arkikom\" \/>\n<meta property=\"og:description\" content=\"Om\u00a0 arkIkomARKiKOM grundades i maj 2021 av Jonas Snickert, arkitekt MAA.ARKiKOM \u00e4r den plattform d\u00e4r Jonas kunskapstj\u00e4nster erbjuds till kunder i Skandinavien. Jonas \u00e4r ocks\u00e5 partner i BAUS Arkitekur i Norge, som levererar tj\u00e4nster inom alla typer av arkitektoniska segment. Jonas var tidigare en av del\u00e4garna i arkitektbyr\u00e5n \u00c5rstiderne Arkitekter och har mer \u00e4n 20 [&hellip;]\" \/>\n<meta property=\"og:url\" content=\"https:\/\/arkikom.com\/sv\/about\/\" \/>\n<meta property=\"og:site_name\" content=\"Arkikom\" \/>\n<meta property=\"article:modified_time\" content=\"2024-11-10T11:10:10+00:00\" \/>\n<meta name=\"twitter:card\" content=\"summary_large_image\" \/>\n<meta name=\"twitter:label1\" content=\"Ber\u00e4knad l\u00e4stid\" \/>\n\t<meta name=\"twitter:data1\" content=\"5 minuter\" \/>\n<script type=\"application\/ld+json\" class=\"yoast-schema-graph\">{\"@context\":\"https:\/\/schema.org\",\"@graph\":[{\"@type\":\"WebPage\",\"@id\":\"https:\/\/arkikom.com\/sv\/about\/\",\"url\":\"https:\/\/arkikom.com\/sv\/about\/\",\"name\":\"Om - Arkikom\",\"isPartOf\":{\"@id\":\"https:\/\/arkikom.com\/#website\"},\"datePublished\":\"2024-10-24T09:45:22+00:00\",\"dateModified\":\"2024-11-10T11:10:10+00:00\",\"breadcrumb\":{\"@id\":\"https:\/\/arkikom.com\/sv\/about\/#breadcrumb\"},\"inLanguage\":\"sv-SE\",\"potentialAction\":[{\"@type\":\"ReadAction\",\"target\":[\"https:\/\/arkikom.com\/sv\/about\/\"]}]},{\"@type\":\"BreadcrumbList\",\"@id\":\"https:\/\/arkikom.com\/sv\/about\/#breadcrumb\",\"itemListElement\":[{\"@type\":\"ListItem\",\"position\":1,\"name\":\"Home\",\"item\":\"https:\/\/arkikom.com\/sv\/\"},{\"@type\":\"ListItem\",\"position\":2,\"name\":\"Om\"}]},{\"@type\":\"WebSite\",\"@id\":\"https:\/\/arkikom.com\/#website\",\"url\":\"https:\/\/arkikom.com\/\",\"name\":\"Arkikom\",\"description\":\"ARCHITECTURE -RETAIL-SOLUTIONS\",\"potentialAction\":[{\"@type\":\"SearchAction\",\"target\":{\"@type\":\"EntryPoint\",\"urlTemplate\":\"https:\/\/arkikom.com\/?s={search_term_string}\"},\"query-input\":{\"@type\":\"PropertyValueSpecification\",\"valueRequired\":true,\"valueName\":\"search_term_string\"}}],\"inLanguage\":\"sv-SE\"}]}<\/script>\n<!-- \/ Yoast SEO plugin. -->","yoast_head_json":{"title":"Om - Arkikom","robots":{"index":"noindex","follow":"follow","max-snippet":"max-snippet:-1","max-image-preview":"max-image-preview:large","max-video-preview":"max-video-preview:-1"},"og_locale":"sv_SE","og_type":"article","og_title":"Om - Arkikom","og_description":"Om\u00a0 arkIkomARKiKOM grundades i maj 2021 av Jonas Snickert, arkitekt MAA.ARKiKOM \u00e4r den plattform d\u00e4r Jonas kunskapstj\u00e4nster erbjuds till kunder i Skandinavien. Jonas \u00e4r ocks\u00e5 partner i BAUS Arkitekur i Norge, som levererar tj\u00e4nster inom alla typer av arkitektoniska segment. Jonas var tidigare en av del\u00e4garna i arkitektbyr\u00e5n \u00c5rstiderne Arkitekter och har mer \u00e4n 20 [&hellip;]","og_url":"https:\/\/arkikom.com\/sv\/about\/","og_site_name":"Arkikom","article_modified_time":"2024-11-10T11:10:10+00:00","twitter_card":"summary_large_image","twitter_misc":{"Ber\u00e4knad l\u00e4stid":"5 minuter"},"schema":{"@context":"https:\/\/schema.org","@graph":[{"@type":"WebPage","@id":"https:\/\/arkikom.com\/sv\/about\/","url":"https:\/\/arkikom.com\/sv\/about\/","name":"Om - Arkikom","isPartOf":{"@id":"https:\/\/arkikom.com\/#website"},"datePublished":"2024-10-24T09:45:22+00:00","dateModified":"2024-11-10T11:10:10+00:00","breadcrumb":{"@id":"https:\/\/arkikom.com\/sv\/about\/#breadcrumb"},"inLanguage":"sv-SE","potentialAction":[{"@type":"ReadAction","target":["https:\/\/arkikom.com\/sv\/about\/"]}]},{"@type":"BreadcrumbList","@id":"https:\/\/arkikom.com\/sv\/about\/#breadcrumb","itemListElement":[{"@type":"ListItem","position":1,"name":"Home","item":"https:\/\/arkikom.com\/sv\/"},{"@type":"ListItem","position":2,"name":"Om"}]},{"@type":"WebSite","@id":"https:\/\/arkikom.com\/#website","url":"https:\/\/arkikom.com\/","name":"Arkikom","description":"ARCHITECTURE -RETAIL-SOLUTIONS","potentialAction":[{"@type":"SearchAction","target":{"@type":"EntryPoint","urlTemplate":"https:\/\/arkikom.com\/?s={search_term_string}"},"query-input":{"@type":"PropertyValueSpecification","valueRequired":true,"valueName":"search_term_string"}}],"inLanguage":"sv-SE"}]}},"_links":{"self":[{"href":"https:\/\/arkikom.com\/sv\/wp-json\/wp\/v2\/pages\/204","targetHints":{"allow":["GET"]}}],"collection":[{"href":"https:\/\/arkikom.com\/sv\/wp-json\/wp\/v2\/pages"}],"about":[{"href":"https:\/\/arkikom.com\/sv\/wp-json\/wp\/v2\/types\/page"}],"author":[{"embeddable":true,"href":"https:\/\/arkikom.com\/sv\/wp-json\/wp\/v2\/users\/1"}],"replies":[{"embeddable":true,"href":"https:\/\/arkikom.com\/sv\/wp-json\/wp\/v2\/comments?post=204"}],"version-history":[{"count":2,"href":"https:\/\/arkikom.com\/sv\/wp-json\/wp\/v2\/pages\/204\/revisions"}],"predecessor-version":[{"id":261,"href":"https:\/\/arkikom.com\/sv\/wp-json\/wp\/v2\/pages\/204\/revisions\/261"}],"wp:attachment":[{"href":"https:\/\/arkikom.com\/sv\/wp-json\/wp\/v2\/media?parent=204"}],"curies":[{"name":"wp","href":"https:\/\/api.w.org\/{rel}","templated":true}]}}