{"id":203,"date":"2024-10-24T09:45:22","date_gmt":"2024-10-24T09:45:22","guid":{"rendered":"https:\/\/arkikom.com\/udvikling\/about\/"},"modified":"2024-11-10T11:21:41","modified_gmt":"2024-11-10T11:21:41","slug":"about","status":"publish","type":"page","link":"https:\/\/arkikom.com\/no\/about\/","title":{"rendered":"About"},"content":{"rendered":"<p>[et_pb_section fb_built=&raquo;1&#8243; admin_label=&raquo;Header&raquo; _builder_version=&raquo;4.20.0&#8243; _module_preset=&raquo;default&raquo; min_height=&raquo;221px&raquo; collapsed=&raquo;on&raquo; global_colors_info=&raquo;{}&raquo;][et_pb_row _builder_version=&raquo;4.20.0&#8243; _module_preset=&raquo;default&raquo; global_colors_info=&raquo;{}&raquo;][et_pb_column type=&raquo;4_4&#8243; _builder_version=&raquo;4.20.0&#8243; _module_preset=&raquo;default&raquo; global_colors_info=&raquo;{}&raquo;][et_pb_text _builder_version=&raquo;4.20.0&#8243; _module_preset=&raquo;9ff7821d-e713-4d20-a71d-0bc1f820ff0b&raquo; text_orientation=&raquo;center&raquo; global_colors_info=&raquo;{}&raquo;]<\/p>\n<h1>About\u00a0<\/h1>\n<p>[\/et_pb_text][\/et_pb_column][\/et_pb_row][\/et_pb_section][et_pb_section fb_built=&raquo;1&#8243; admin_label=&raquo;Call to Action&raquo; _builder_version=&raquo;4.27.2&#8243; _module_preset=&raquo;default&raquo; background_color=&raquo;#FFFFFF&raquo; use_background_color_gradient=&raquo;on&raquo; background_color_gradient_stops=&raquo;rgba(56,58,1,0.18) 0%|rgba(89,88,18,0.35) 100%&raquo; background_enable_image=&raquo;off&raquo; min_height=&raquo;411px&raquo; custom_margin=&raquo;0px||||false|false&raquo; custom_padding=&raquo;0px||0px||true|false&raquo; background_last_edited=&raquo;off|desktop&raquo; background_position_tablet=&raquo;center&raquo; background_position_phone=&raquo;center&raquo; locked=&raquo;off&raquo; collapsed=&raquo;on&raquo; global_colors_info=&raquo;{}&raquo;][et_pb_row custom_padding_last_edited=&raquo;on|tablet&raquo; _builder_version=&raquo;4.27.2&#8243; _module_preset=&raquo;default&raquo; custom_margin=&raquo;0px||||false|false&raquo; custom_padding=&raquo;|120px||120px|false|true&raquo; custom_padding_tablet=&raquo;|8%||8%|false|true&raquo; custom_padding_phone=&raquo;||||false|false&raquo; global_colors_info=&raquo;{}&raquo;][et_pb_column type=&raquo;4_4&#8243; _builder_version=&raquo;4.20.0&#8243; _module_preset=&raquo;default&raquo; global_colors_info=&raquo;{}&raquo;][et_pb_text _builder_version=&raquo;4.27.2&#8243; _module_preset=&raquo;e2cda53c-0a9f-40eb-8abc-cd743c4177b7&#8243; text_text_color=&raquo;#FFFFFF&raquo; custom_padding=&raquo;8px||0px|||&raquo; locked=&raquo;off&raquo; global_colors_info=&raquo;{}&raquo;]<\/p>\n<p><span style=\"color: #000000;\">ARKiKOM is founded in May 2021, by Jonas Snickert, Architect MAA.<\/span><br \/><span style=\"color: #000000;\">ARKiKOM is the platform where Jonas retail knowledge services are offered to customers in Scandinavia.\u00a0 Jonas is also partner in BAUS Arkitekur in Norway, wich delivers services in all types of architectural segments. <br \/>In the past Jonas was one of the partners in the architectural company \u00c5rstiderne Arkitekter, and has more than 20 years of experience of retail projects.<\/span><\/p>\n<p><span style=\"color: #000000;\">The goal for ARKiKOM is to focus on the retail segment where many years of experience can be transformed to sucsessfull business solutions. The first focus for ARKiKOM, is to deliver retail architecture advice for retail park developers and stores in Scandinavia.<\/span><\/p>\n<p><span style=\"color: #000000;\">ARKiKOM has office locations in Sweden, Denmark and access to office at BAUS Arkitektur in Norway,\u00a0 but are mainly working with known customers on video conferences in early developing phases. This open up for participation in many different projects at the same time in the whole of Scandinavia<\/span><\/p>\n<p><span style=\"color: #000000;\">The project references for founder Jonas Snickert is wide, with more than 20 years of experience in the retail segment.<\/span><br \/><span style=\"color: #000000;\"><\/span><\/p>\n<p><span style=\"color: #000000;\">Below a few examples :<\/span><\/p>\n<p>&nbsp;<\/p>\n<ul>\n<li><span style=\"color: #000000;\">A wide range of architectural rebranding and updating projects such as H\u00e4rl\u00f6v Handelsplats and L\u00e4nna Market<\/span><br \/><span style=\"color: #000000;\">(Sweden)<\/span><\/li>\n<li><span style=\"color: #000000;\">New retail parks such as Mora Noret, Sk\u00f6vde KV Zinken and Alings\u00e5s Bolltorp (Sweden)<\/span><\/li>\n<li><span style=\"color: #000000;\">New stand alone buildings for one or two tenants from the south to the north of Scandinavia<\/span><br \/><span style=\"color: #000000;\">(Sweden, Norway, Denmark)<\/span><\/li>\n<li><span style=\"color: #000000;\">Refurbishment retail projects and tenant lease drawings in all of Scandinavia (Sweden, Norway, Denmark)<\/span><\/li>\n<li><span style=\"color: #000000;\">A wide range of BMW Brand Architecture implementation in Scandinavia such as BMW Aarhus.<\/span><br \/><span style=\"color: #000000;\">(Denmark)<\/span><\/li>\n<li><span style=\"color: #000000;\">Services directly for store brands that is precent across the whole of Scandinavia (Sweden, Norway, Denmark)<\/span><\/li>\n<li><span style=\"color: #000000;\">Logistic building projects (Denmark, Sweden)<\/span><\/li>\n<\/ul>\n<p>[\/et_pb_text][\/et_pb_column][\/et_pb_row][\/et_pb_section][et_pb_section fb_built=&raquo;1&#8243; admin_label=&raquo;Footer&raquo; _builder_version=&raquo;4.20.0&#8243; _module_preset=&raquo;default&raquo; background_color=&raquo;#000000&#8243; saved_tabs=&raquo;all&raquo; locked=&raquo;off&raquo; collapsed=&raquo;on&raquo; global_colors_info=&raquo;{}&raquo;][et_pb_row _builder_version=&raquo;4.20.0&#8243; _module_preset=&raquo;default&raquo; global_colors_info=&raquo;{}&raquo;][et_pb_column type=&raquo;4_4&#8243; _builder_version=&raquo;4.20.0&#8243; _module_preset=&raquo;default&raquo; global_colors_info=&raquo;{}&raquo;][et_pb_text _builder_version=&raquo;4.20.0&#8243; _module_preset=&raquo;4ed9991f-288c-4912-b171-9ddd26849624&#8243; header_2_text_color=&raquo;#FFFFFF&raquo; text_orientation=&raquo;center&raquo; global_colors_info=&raquo;{}&raquo;]<\/p>\n<h2>Contact<\/h2>\n<p>[\/et_pb_text][\/et_pb_column][\/et_pb_row][et_pb_row column_structure=&raquo;1_3,1_3,1_3&#8243; _builder_version=&raquo;4.20.0&#8243; _module_preset=&raquo;default&raquo; border_color_all=&raquo;gcid-e6f8585f-043d-4f05-ad96-fb05b9e45208&#8243; border_width_top=&raquo;1px&raquo; global_colors_info=&raquo;{%22gcid-e6f8585f-043d-4f05-ad96-fb05b9e45208%22:%91%22border_color_all%22%93}&raquo;][et_pb_column type=&raquo;1_3&#8243; _builder_version=&raquo;4.20.0&#8243; _module_preset=&raquo;default&raquo; global_colors_info=&raquo;{}&raquo;][et_pb_text _builder_version=&raquo;4.20.0&#8243; _module_preset=&raquo;cbe0f673-3f1f-4967-8829-01c000937328&#8243; header_5_text_color=&raquo;#FFFFFF&raquo; custom_margin=&raquo;||0px||false|false&raquo; text_orientation_tablet=&raquo;center&raquo; text_orientation_phone=&raquo;&raquo; text_orientation_last_edited=&raquo;on|tablet&raquo; global_colors_info=&raquo;{}&raquo;]<\/p>\n<h5>Location<\/h5>\n<p>[\/et_pb_text][et_pb_text _builder_version=&raquo;4.27.2&#8243; _module_preset=&raquo;0bcfec9c-601a-4e64-84d5-be9ba0d9b063&#8243; text_text_color=&raquo;#FFFFFF&raquo; link_text_color=&raquo;gcid-e6f8585f-043d-4f05-ad96-fb05b9e45208&#8243; text_orientation_tablet=&raquo;center&raquo; text_orientation_phone=&raquo;&raquo; text_orientation_last_edited=&raquo;on|tablet&raquo; global_colors_info=&raquo;{%22gcid-e6f8585f-043d-4f05-ad96-fb05b9e45208%22:%91%22link_text_color%22%93}&raquo;]<\/p>\n<p>Scandinavia<br \/>ARKiKOM AB<br \/>ARKiKOM ApS<\/p>\n<p>[\/et_pb_text][\/et_pb_column][et_pb_column type=&raquo;1_3&#8243; _builder_version=&raquo;4.20.0&#8243; _module_preset=&raquo;default&raquo; global_colors_info=&raquo;{}&raquo;][et_pb_text _builder_version=&raquo;4.20.0&#8243; _module_preset=&raquo;cbe0f673-3f1f-4967-8829-01c000937328&#8243; header_5_text_color=&raquo;#FFFFFF&raquo; text_orientation=&raquo;center&raquo; custom_margin=&raquo;||0px||false|false&raquo; global_colors_info=&raquo;{}&raquo;]<\/p>\n<h5>Phone<\/h5>\n<p>[\/et_pb_text][et_pb_text _builder_version=&raquo;4.27.2&#8243; _module_preset=&raquo;0bcfec9c-601a-4e64-84d5-be9ba0d9b063&#8243; text_text_color=&raquo;#FFFFFF&raquo; link_text_color=&raquo;gcid-e6f8585f-043d-4f05-ad96-fb05b9e45208&#8243; text_orientation=&raquo;center&raquo; global_colors_info=&raquo;{%22gcid-e6f8585f-043d-4f05-ad96-fb05b9e45208%22:%91%22link_text_color%22%93}&raquo;]<\/p>\n<p>SE: +46 076 125 25 24<br \/>DK: +45 2338 7155<\/p>\n<p>[\/et_pb_text][\/et_pb_column][et_pb_column type=&raquo;1_3&#8243; _builder_version=&raquo;4.20.0&#8243; _module_preset=&raquo;default&raquo; global_colors_info=&raquo;{}&raquo;][et_pb_text _builder_version=&raquo;4.20.0&#8243; _module_preset=&raquo;cbe0f673-3f1f-4967-8829-01c000937328&#8243; header_5_text_color=&raquo;#FFFFFF&raquo; text_orientation=&raquo;right&raquo; custom_margin=&raquo;||0px||false|false&raquo; text_orientation_tablet=&raquo;center&raquo; text_orientation_phone=&raquo;&raquo; text_orientation_last_edited=&raquo;on|tablet&raquo; global_colors_info=&raquo;{}&raquo;]<\/p>\n<h5>Email<\/h5>\n<p>[\/et_pb_text][et_pb_text _builder_version=&raquo;4.27.2&#8243; _module_preset=&raquo;0bcfec9c-601a-4e64-84d5-be9ba0d9b063&#8243; link_text_color=&raquo;#FFFFFF&raquo; text_orientation=&raquo;right&raquo; text_orientation_tablet=&raquo;center&raquo; text_orientation_phone=&raquo;&raquo; text_orientation_last_edited=&raquo;on|tablet&raquo; global_colors_info=&raquo;{}&raquo;]<\/p>\n<p><a href=\"mailto:#\">js@arkikom.com<\/a><\/p>\n<p>[\/et_pb_text][\/et_pb_column][\/et_pb_row][\/et_pb_section]<\/p>\n","protected":false},"excerpt":{"rendered":"<p>About\u00a0ARKiKOM is founded in May 2021, by Jonas Snickert, Architect MAA.ARKiKOM is the platform where Jonas retail knowledge services are offered to customers in Scandinavia.\u00a0 Jonas is also partner in BAUS Arkitekur in Norway, wich delivers services in all types of architectural segments. In the past Jonas was one of the partners in the architectural [&hellip;]<\/p>\n","protected":false},"author":1,"featured_media":0,"parent":0,"menu_order":0,"comment_status":"closed","ping_status":"closed","template":"","meta":{"_et_pb_use_builder":"on","_et_pb_old_content":"","_et_gb_content_width":"","footnotes":""},"class_list":["post-203","page","type-page","status-publish","hentry"],"yoast_head":"<!-- This site is optimized with the Yoast SEO plugin v27.1.1 - https:\/\/yoast.com\/product\/yoast-seo-wordpress\/ -->\n<title>About - Arkikom<\/title>\n<meta name=\"robots\" content=\"noindex, follow, max-snippet:-1, max-image-preview:large, max-video-preview:-1\" \/>\n<meta property=\"og:locale\" content=\"nb_NO\" \/>\n<meta property=\"og:type\" content=\"article\" \/>\n<meta property=\"og:title\" content=\"About - Arkikom\" \/>\n<meta property=\"og:description\" content=\"About\u00a0ARKiKOM is founded in May 2021, by Jonas Snickert, Architect MAA.ARKiKOM is the platform where Jonas retail knowledge services are offered to customers in Scandinavia.\u00a0 Jonas is also partner in BAUS Arkitekur in Norway, wich delivers services in all types of architectural segments. In the past Jonas was one of the partners in the architectural [&hellip;]\" \/>\n<meta property=\"og:url\" content=\"https:\/\/arkikom.com\/no\/about\/\" \/>\n<meta property=\"og:site_name\" content=\"Arkikom\" \/>\n<meta property=\"article:modified_time\" content=\"2024-11-10T11:21:41+00:00\" \/>\n<meta name=\"twitter:card\" content=\"summary_large_image\" \/>\n<meta name=\"twitter:label1\" content=\"Ansl. lesetid\" \/>\n\t<meta name=\"twitter:data1\" content=\"5 minutter\" \/>\n<script type=\"application\/ld+json\" class=\"yoast-schema-graph\">{\"@context\":\"https:\/\/schema.org\",\"@graph\":[{\"@type\":\"WebPage\",\"@id\":\"https:\/\/arkikom.com\/no\/about\/\",\"url\":\"https:\/\/arkikom.com\/no\/about\/\",\"name\":\"About - Arkikom\",\"isPartOf\":{\"@id\":\"https:\/\/arkikom.com\/#website\"},\"datePublished\":\"2024-10-24T09:45:22+00:00\",\"dateModified\":\"2024-11-10T11:21:41+00:00\",\"breadcrumb\":{\"@id\":\"https:\/\/arkikom.com\/no\/about\/#breadcrumb\"},\"inLanguage\":\"nb-NO\",\"potentialAction\":[{\"@type\":\"ReadAction\",\"target\":[\"https:\/\/arkikom.com\/no\/about\/\"]}]},{\"@type\":\"BreadcrumbList\",\"@id\":\"https:\/\/arkikom.com\/no\/about\/#breadcrumb\",\"itemListElement\":[{\"@type\":\"ListItem\",\"position\":1,\"name\":\"Home\",\"item\":\"https:\/\/arkikom.com\/no\/\"},{\"@type\":\"ListItem\",\"position\":2,\"name\":\"About\"}]},{\"@type\":\"WebSite\",\"@id\":\"https:\/\/arkikom.com\/#website\",\"url\":\"https:\/\/arkikom.com\/\",\"name\":\"Arkikom\",\"description\":\"ARCHITECTURE -RETAIL-SOLUTIONS\",\"potentialAction\":[{\"@type\":\"SearchAction\",\"target\":{\"@type\":\"EntryPoint\",\"urlTemplate\":\"https:\/\/arkikom.com\/?s={search_term_string}\"},\"query-input\":{\"@type\":\"PropertyValueSpecification\",\"valueRequired\":true,\"valueName\":\"search_term_string\"}}],\"inLanguage\":\"nb-NO\"}]}<\/script>\n<!-- \/ Yoast SEO plugin. -->","yoast_head_json":{"title":"About - Arkikom","robots":{"index":"noindex","follow":"follow","max-snippet":"max-snippet:-1","max-image-preview":"max-image-preview:large","max-video-preview":"max-video-preview:-1"},"og_locale":"nb_NO","og_type":"article","og_title":"About - Arkikom","og_description":"About\u00a0ARKiKOM is founded in May 2021, by Jonas Snickert, Architect MAA.ARKiKOM is the platform where Jonas retail knowledge services are offered to customers in Scandinavia.\u00a0 Jonas is also partner in BAUS Arkitekur in Norway, wich delivers services in all types of architectural segments. In the past Jonas was one of the partners in the architectural [&hellip;]","og_url":"https:\/\/arkikom.com\/no\/about\/","og_site_name":"Arkikom","article_modified_time":"2024-11-10T11:21:41+00:00","twitter_card":"summary_large_image","twitter_misc":{"Ansl. lesetid":"5 minutter"},"schema":{"@context":"https:\/\/schema.org","@graph":[{"@type":"WebPage","@id":"https:\/\/arkikom.com\/no\/about\/","url":"https:\/\/arkikom.com\/no\/about\/","name":"About - Arkikom","isPartOf":{"@id":"https:\/\/arkikom.com\/#website"},"datePublished":"2024-10-24T09:45:22+00:00","dateModified":"2024-11-10T11:21:41+00:00","breadcrumb":{"@id":"https:\/\/arkikom.com\/no\/about\/#breadcrumb"},"inLanguage":"nb-NO","potentialAction":[{"@type":"ReadAction","target":["https:\/\/arkikom.com\/no\/about\/"]}]},{"@type":"BreadcrumbList","@id":"https:\/\/arkikom.com\/no\/about\/#breadcrumb","itemListElement":[{"@type":"ListItem","position":1,"name":"Home","item":"https:\/\/arkikom.com\/no\/"},{"@type":"ListItem","position":2,"name":"About"}]},{"@type":"WebSite","@id":"https:\/\/arkikom.com\/#website","url":"https:\/\/arkikom.com\/","name":"Arkikom","description":"ARCHITECTURE -RETAIL-SOLUTIONS","potentialAction":[{"@type":"SearchAction","target":{"@type":"EntryPoint","urlTemplate":"https:\/\/arkikom.com\/?s={search_term_string}"},"query-input":{"@type":"PropertyValueSpecification","valueRequired":true,"valueName":"search_term_string"}}],"inLanguage":"nb-NO"}]}},"_links":{"self":[{"href":"https:\/\/arkikom.com\/no\/wp-json\/wp\/v2\/pages\/203","targetHints":{"allow":["GET"]}}],"collection":[{"href":"https:\/\/arkikom.com\/no\/wp-json\/wp\/v2\/pages"}],"about":[{"href":"https:\/\/arkikom.com\/no\/wp-json\/wp\/v2\/types\/page"}],"author":[{"embeddable":true,"href":"https:\/\/arkikom.com\/no\/wp-json\/wp\/v2\/users\/1"}],"replies":[{"embeddable":true,"href":"https:\/\/arkikom.com\/no\/wp-json\/wp\/v2\/comments?post=203"}],"version-history":[{"count":1,"href":"https:\/\/arkikom.com\/no\/wp-json\/wp\/v2\/pages\/203\/revisions"}],"predecessor-version":[{"id":265,"href":"https:\/\/arkikom.com\/no\/wp-json\/wp\/v2\/pages\/203\/revisions\/265"}],"wp:attachment":[{"href":"https:\/\/arkikom.com\/no\/wp-json\/wp\/v2\/media?parent=203"}],"curies":[{"name":"wp","href":"https:\/\/api.w.org\/{rel}","templated":true}]}}