{"id":205,"date":"2024-10-24T09:45:22","date_gmt":"2024-10-24T09:45:22","guid":{"rendered":"https:\/\/arkikom.com\/udvikling\/om\/"},"modified":"2024-11-10T09:55:09","modified_gmt":"2024-11-10T09:55:09","slug":"om","status":"publish","type":"page","link":"https:\/\/arkikom.com\/da\/om\/","title":{"rendered":"Om"},"content":{"rendered":"<p>[et_pb_section fb_built=&#8221;1&#8243; admin_label=&#8221;Header&#8221; _builder_version=&#8221;4.20.0&#8243; _module_preset=&#8221;default&#8221; min_height=&#8221;221px&#8221; collapsed=&#8221;on&#8221; global_colors_info=&#8221;{}&#8221;][et_pb_row _builder_version=&#8221;4.20.0&#8243; _module_preset=&#8221;default&#8221; global_colors_info=&#8221;{}&#8221;][et_pb_column type=&#8221;4_4&#8243; _builder_version=&#8221;4.20.0&#8243; _module_preset=&#8221;default&#8221; global_colors_info=&#8221;{}&#8221;][et_pb_text _builder_version=&#8221;4.20.0&#8243; _module_preset=&#8221;9ff7821d-e713-4d20-a71d-0bc1f820ff0b&#8221; text_orientation=&#8221;center&#8221; global_colors_info=&#8221;{}&#8221;]<\/p>\n<h1>Om ARKiKOM <\/h1>\n<p>[\/et_pb_text][\/et_pb_column][\/et_pb_row][\/et_pb_section][et_pb_section fb_built=&#8221;1&#8243; admin_label=&#8221;Call to Action&#8221; _builder_version=&#8221;4.27.2&#8243; _module_preset=&#8221;default&#8221; background_color=&#8221;#FFFFFF&#8221; use_background_color_gradient=&#8221;on&#8221; background_color_gradient_stops=&#8221;rgba(56,58,1,0.18) 0%|rgba(89,88,18,0.35) 100%&#8221; background_enable_image=&#8221;off&#8221; min_height=&#8221;411px&#8221; custom_margin=&#8221;0px||||false|false&#8221; custom_padding=&#8221;0px||0px||true|false&#8221; background_last_edited=&#8221;off|desktop&#8221; background_position_tablet=&#8221;center&#8221; background_position_phone=&#8221;center&#8221; locked=&#8221;off&#8221; collapsed=&#8221;on&#8221; global_colors_info=&#8221;{}&#8221;][et_pb_row custom_padding_last_edited=&#8221;on|tablet&#8221; _builder_version=&#8221;4.27.2&#8243; _module_preset=&#8221;default&#8221; custom_margin=&#8221;0px||||false|false&#8221; custom_padding=&#8221;|120px||120px|false|true&#8221; custom_padding_tablet=&#8221;|8%||8%|false|true&#8221; custom_padding_phone=&#8221;||||false|false&#8221; global_colors_info=&#8221;{}&#8221;][et_pb_column type=&#8221;4_4&#8243; _builder_version=&#8221;4.20.0&#8243; _module_preset=&#8221;default&#8221; global_colors_info=&#8221;{}&#8221;][et_pb_text _builder_version=&#8221;4.27.2&#8243; _module_preset=&#8221;e2cda53c-0a9f-40eb-8abc-cd743c4177b7&#8243; text_text_color=&#8221;#FFFFFF&#8221; custom_padding=&#8221;8px||0px|||&#8221; hover_enabled=&#8221;0&#8243; locked=&#8221;off&#8221; global_colors_info=&#8221;{}&#8221; sticky_enabled=&#8221;0&#8243;]<\/p>\n<p><span style=\"color: #000000;\">ARKiKOM blev grundlagt i maj 2021 af Jonas Snickert, arkitekt MAA.<\/span><br \/><span style=\"color: #000000;\">ARKiKOM er den platform, hvor Jonas&#8217; detailvidenstjenester tilbydes til kunder i Skandinavien. Jonas er ogs\u00e5 partner i BAUS Arkitekur i Norge, som leverer tjenester inden for alle typer arkitektoniske segmenter.   <br \/>Tidligere var Jonas en af partnerne i arkitektfirmaet \u00c5rstiderne Arkitekter, og han har mere end 20 \u00e5rs erfaring med detailprojekter.<\/span><\/p>\n<p><span style=\"color: #000000;\">M\u00e5let for ARKiKOM er at fokusere p\u00e5 detailsegmentet, hvor mange \u00e5rs erfaring kan oms\u00e6ttes til succesfulde forretningsl\u00f8sninger. Det f\u00f8rste fokus for ARKiKOM er at levere r\u00e5dgivning om detailarkitektur til udviklere af detailparker og butikker i Skandinavien. <\/span><\/p>\n<p><span style=\"color: #000000;\">ARKiKOM har kontorer i Sverige og Danmark og adgang til et kontor hos BAUS Arkitketur i Norge, men arbejder prim\u00e6rt med videokonferencer i de tidlige udviklingsfaser. Dette \u00e5bner op for deltagelse i mange forskellige projekter p\u00e5 samme tid i hele Skandinavien. <\/span><\/p>\n<p><span style=\"color: #000000;\">Projektreferencerne for grundl\u00e6gger Jonas Snickert er brede med mere end 20 \u00e5rs erfaring inden for detailsegmentet.<\/span><br \/><span style=\"color: #000000;\"><\/span><\/p>\n<p><span style=\"color: #000000;\">Herunder et par eksempler:<\/span><\/p>\n<p>&nbsp;<\/p>\n<ul>\n<li><span style=\"color: #000000;\">En lang r\u00e6kke arkitektoniske rebranding- og opdateringsprojekter som H\u00e4rl\u00f6v Handelsplats og L\u00e4nna Market<\/span><br \/><span style=\"color: #000000;\">(Sverige)<\/span><\/li>\n<li><span style=\"color: #000000;\">Nye retailparker som Mora Noret, Sk\u00f6vde KV Zinken og Alings\u00e5s Bolltorp (Sverige)<\/span><\/li>\n<li><span style=\"color: #000000;\">Nye enkeltst\u00e5ende bygninger til en eller to lejere fra det sydlige til det nordlige Skandinavien<\/span><br \/><span style=\"color: #000000;\">(Sverige, Norge, Danmark)<\/span><\/li>\n<li><span style=\"color: #000000;\">Renovering af detailprojekter og tegninger af lejem\u00e5l i hele Skandinavien (Sverige, Norge, Danmark)<\/span><\/li>\n<li><span style=\"color: #000000;\">En bred vifte af BMW Brand Architecture-implementeringer i Skandinavien s\u00e5som BMW Aarhus.<\/span><br \/><span style=\"color: #000000;\">(Danmark)<\/span><\/li>\n<li><span style=\"color: #000000;\">Tjenester direkte til butiksm\u00e6rker, der er procentvise i hele Skandinavien (Sverige, Norge, Danmark)<\/span><\/li>\n<li><span style=\"color: #000000;\">Logistisk byggninger (Danmark, Sverige, Norge)<\/span><\/li>\n<\/ul>\n<p>[\/et_pb_text][\/et_pb_column][\/et_pb_row][\/et_pb_section][et_pb_section fb_built=&#8221;1&#8243; admin_label=&#8221;Footer&#8221; _builder_version=&#8221;4.20.0&#8243; _module_preset=&#8221;default&#8221; background_color=&#8221;#000000&#8243; saved_tabs=&#8221;all&#8221; locked=&#8221;off&#8221; collapsed=&#8221;on&#8221; global_colors_info=&#8221;{}&#8221;][et_pb_row _builder_version=&#8221;4.20.0&#8243; _module_preset=&#8221;default&#8221; global_colors_info=&#8221;{}&#8221;][et_pb_column type=&#8221;4_4&#8243; _builder_version=&#8221;4.20.0&#8243; _module_preset=&#8221;default&#8221; global_colors_info=&#8221;{}&#8221;][et_pb_text _builder_version=&#8221;4.20.0&#8243; _module_preset=&#8221;4ed9991f-288c-4912-b171-9ddd26849624&#8243; header_2_text_color=&#8221;#FFFFFF&#8221; text_orientation=&#8221;center&#8221; global_colors_info=&#8221;{}&#8221;]<\/p>\n<h2>Kontakt<\/h2>\n<p>[\/et_pb_text][\/et_pb_column][\/et_pb_row][et_pb_row column_structure=&#8221;1_3,1_3,1_3&#8243; _builder_version=&#8221;4.20.0&#8243; _module_preset=&#8221;default&#8221; border_color_all=&#8221;gcid-e6f8585f-043d-4f05-ad96-fb05b9e45208&#8243; border_width_top=&#8221;1px&#8221; global_colors_info=&#8221;{%22gcid-e6f8585f-043d-4f05-ad96-fb05b9e45208%22:%91%22border_color_all%22%93}&#8221;][et_pb_column type=&#8221;1_3&#8243; _builder_version=&#8221;4.20.0&#8243; _module_preset=&#8221;default&#8221; global_colors_info=&#8221;{}&#8221;][et_pb_text _builder_version=&#8221;4.20.0&#8243; _module_preset=&#8221;cbe0f673-3f1f-4967-8829-01c000937328&#8243; header_5_text_color=&#8221;#FFFFFF&#8221; custom_margin=&#8221;||0px||false|false&#8221; text_orientation_tablet=&#8221;center&#8221; text_orientation_phone=&#8221;&#8221; text_orientation_last_edited=&#8221;on|tablet&#8221; global_colors_info=&#8221;{}&#8221;]<\/p>\n<h5>Geografiske omr\u00e5der og selskaber<\/h5>\n<p>[\/et_pb_text][et_pb_text _builder_version=&#8221;4.27.2&#8243; _module_preset=&#8221;0bcfec9c-601a-4e64-84d5-be9ba0d9b063&#8243; link_text_color=&#8221;gcid-e6f8585f-043d-4f05-ad96-fb05b9e45208&#8243; hover_enabled=&#8221;0&#8243; text_orientation_tablet=&#8221;center&#8221; text_orientation_phone=&#8221;&#8221; text_orientation_last_edited=&#8221;on|tablet&#8221; global_colors_info=&#8221;{%22gcid-e6f8585f-043d-4f05-ad96-fb05b9e45208%22:%91%22link_text_color%22%93}&#8221; text_text_color=&#8221;#FFFFFF&#8221; sticky_enabled=&#8221;0&#8243;]<\/p>\n<p>Skandinavien<br \/>ARKiKOM AB<br \/>ARKiKOM ApS<\/p>\n<p>[\/et_pb_text][\/et_pb_column][et_pb_column type=&#8221;1_3&#8243; _builder_version=&#8221;4.20.0&#8243; _module_preset=&#8221;default&#8221; global_colors_info=&#8221;{}&#8221;][et_pb_text _builder_version=&#8221;4.20.0&#8243; _module_preset=&#8221;cbe0f673-3f1f-4967-8829-01c000937328&#8243; header_5_text_color=&#8221;#FFFFFF&#8221; text_orientation=&#8221;center&#8221; custom_margin=&#8221;||0px||false|false&#8221; global_colors_info=&#8221;{}&#8221;]<\/p>\n<h5>Telefon<\/h5>\n<p>[\/et_pb_text][et_pb_text _builder_version=&#8221;4.27.2&#8243; _module_preset=&#8221;0bcfec9c-601a-4e64-84d5-be9ba0d9b063&#8243; link_text_color=&#8221;gcid-e6f8585f-043d-4f05-ad96-fb05b9e45208&#8243; text_orientation=&#8221;center&#8221; hover_enabled=&#8221;0&#8243; global_colors_info=&#8221;{%22gcid-e6f8585f-043d-4f05-ad96-fb05b9e45208%22:%91%22link_text_color%22%93}&#8221; text_text_color=&#8221;#FFFFFF&#8221; sticky_enabled=&#8221;0&#8243;]<\/p>\n<p>DK: +45 2338 7155<br \/>SE: +46 076 125 25 24<\/p>\n<p>[\/et_pb_text][\/et_pb_column][et_pb_column type=&#8221;1_3&#8243; _builder_version=&#8221;4.20.0&#8243; _module_preset=&#8221;default&#8221; global_colors_info=&#8221;{}&#8221;][et_pb_text _builder_version=&#8221;4.20.0&#8243; _module_preset=&#8221;cbe0f673-3f1f-4967-8829-01c000937328&#8243; header_5_text_color=&#8221;#FFFFFF&#8221; text_orientation=&#8221;right&#8221; custom_margin=&#8221;||0px||false|false&#8221; text_orientation_tablet=&#8221;center&#8221; text_orientation_phone=&#8221;&#8221; text_orientation_last_edited=&#8221;on|tablet&#8221; global_colors_info=&#8221;{}&#8221;]<\/p>\n<h5>E-mail<\/h5>\n<p>[\/et_pb_text][et_pb_text _builder_version=&#8221;4.27.2&#8243; _module_preset=&#8221;0bcfec9c-601a-4e64-84d5-be9ba0d9b063&#8243; link_text_color=&#8221;#FFFFFF&#8221; text_orientation=&#8221;right&#8221; hover_enabled=&#8221;0&#8243; text_orientation_tablet=&#8221;center&#8221; text_orientation_phone=&#8221;&#8221; text_orientation_last_edited=&#8221;on|tablet&#8221; global_colors_info=&#8221;{}&#8221; sticky_enabled=&#8221;0&#8243;]<\/p>\n<p><a href=\"mailto:#.\">js@arkikom.com<\/a><\/p>\n<p>[\/et_pb_text][\/et_pb_column][\/et_pb_row][\/et_pb_section]<\/p>\n","protected":false},"excerpt":{"rendered":"<p>Om ARKiKOM ARKiKOM blev grundlagt i maj 2021 af Jonas Snickert, arkitekt MAA.ARKiKOM er den platform, hvor Jonas&#8217; detailvidenstjenester tilbydes til kunder i Skandinavien. Jonas er ogs\u00e5 partner i BAUS Arkitekur i Norge, som leverer tjenester inden for alle typer arkitektoniske segmenter. Tidligere var Jonas en af partnerne i arkitektfirmaet \u00c5rstiderne Arkitekter, og han har [&hellip;]<\/p>\n","protected":false},"author":1,"featured_media":0,"parent":0,"menu_order":0,"comment_status":"closed","ping_status":"closed","template":"","meta":{"_et_pb_use_builder":"on","_et_pb_old_content":"","_et_gb_content_width":"","footnotes":""},"class_list":["post-205","page","type-page","status-publish","hentry"],"yoast_head":"<!-- This site is optimized with the Yoast SEO plugin v27.1.1 - https:\/\/yoast.com\/product\/yoast-seo-wordpress\/ -->\n<title>Om - Arkikom<\/title>\n<meta name=\"robots\" content=\"noindex, follow, max-snippet:-1, max-image-preview:large, max-video-preview:-1\" \/>\n<meta property=\"og:locale\" content=\"da_DK\" \/>\n<meta property=\"og:type\" content=\"article\" \/>\n<meta property=\"og:title\" content=\"Om - Arkikom\" \/>\n<meta property=\"og:description\" content=\"Om ARKiKOM ARKiKOM blev grundlagt i maj 2021 af Jonas Snickert, arkitekt MAA.ARKiKOM er den platform, hvor Jonas&#039; detailvidenstjenester tilbydes til kunder i Skandinavien. Jonas er ogs\u00e5 partner i BAUS Arkitekur i Norge, som leverer tjenester inden for alle typer arkitektoniske segmenter. Tidligere var Jonas en af partnerne i arkitektfirmaet \u00c5rstiderne Arkitekter, og han har [&hellip;]\" \/>\n<meta property=\"og:url\" content=\"https:\/\/arkikom.com\/da\/om\/\" \/>\n<meta property=\"og:site_name\" content=\"Arkikom\" \/>\n<meta property=\"article:modified_time\" content=\"2024-11-10T09:55:09+00:00\" \/>\n<meta name=\"twitter:card\" content=\"summary_large_image\" \/>\n<meta name=\"twitter:label1\" content=\"Estimeret l\u00e6setid\" \/>\n\t<meta name=\"twitter:data1\" content=\"5 minutter\" \/>\n<script type=\"application\/ld+json\" class=\"yoast-schema-graph\">{\"@context\":\"https:\/\/schema.org\",\"@graph\":[{\"@type\":\"WebPage\",\"@id\":\"https:\/\/arkikom.com\/da\/om\/\",\"url\":\"https:\/\/arkikom.com\/da\/om\/\",\"name\":\"Om - Arkikom\",\"isPartOf\":{\"@id\":\"https:\/\/arkikom.com\/#website\"},\"datePublished\":\"2024-10-24T09:45:22+00:00\",\"dateModified\":\"2024-11-10T09:55:09+00:00\",\"breadcrumb\":{\"@id\":\"https:\/\/arkikom.com\/da\/om\/#breadcrumb\"},\"inLanguage\":\"da-DK\",\"potentialAction\":[{\"@type\":\"ReadAction\",\"target\":[\"https:\/\/arkikom.com\/da\/om\/\"]}]},{\"@type\":\"BreadcrumbList\",\"@id\":\"https:\/\/arkikom.com\/da\/om\/#breadcrumb\",\"itemListElement\":[{\"@type\":\"ListItem\",\"position\":1,\"name\":\"Home\",\"item\":\"https:\/\/arkikom.com\/da\/\"},{\"@type\":\"ListItem\",\"position\":2,\"name\":\"Om\"}]},{\"@type\":\"WebSite\",\"@id\":\"https:\/\/arkikom.com\/#website\",\"url\":\"https:\/\/arkikom.com\/\",\"name\":\"Arkikom\",\"description\":\"ARCHITECTURE -RETAIL-SOLUTIONS\",\"potentialAction\":[{\"@type\":\"SearchAction\",\"target\":{\"@type\":\"EntryPoint\",\"urlTemplate\":\"https:\/\/arkikom.com\/?s={search_term_string}\"},\"query-input\":{\"@type\":\"PropertyValueSpecification\",\"valueRequired\":true,\"valueName\":\"search_term_string\"}}],\"inLanguage\":\"da-DK\"}]}<\/script>\n<!-- \/ Yoast SEO plugin. -->","yoast_head_json":{"title":"Om - Arkikom","robots":{"index":"noindex","follow":"follow","max-snippet":"max-snippet:-1","max-image-preview":"max-image-preview:large","max-video-preview":"max-video-preview:-1"},"og_locale":"da_DK","og_type":"article","og_title":"Om - Arkikom","og_description":"Om ARKiKOM ARKiKOM blev grundlagt i maj 2021 af Jonas Snickert, arkitekt MAA.ARKiKOM er den platform, hvor Jonas' detailvidenstjenester tilbydes til kunder i Skandinavien. Jonas er ogs\u00e5 partner i BAUS Arkitekur i Norge, som leverer tjenester inden for alle typer arkitektoniske segmenter. Tidligere var Jonas en af partnerne i arkitektfirmaet \u00c5rstiderne Arkitekter, og han har [&hellip;]","og_url":"https:\/\/arkikom.com\/da\/om\/","og_site_name":"Arkikom","article_modified_time":"2024-11-10T09:55:09+00:00","twitter_card":"summary_large_image","twitter_misc":{"Estimeret l\u00e6setid":"5 minutter"},"schema":{"@context":"https:\/\/schema.org","@graph":[{"@type":"WebPage","@id":"https:\/\/arkikom.com\/da\/om\/","url":"https:\/\/arkikom.com\/da\/om\/","name":"Om - Arkikom","isPartOf":{"@id":"https:\/\/arkikom.com\/#website"},"datePublished":"2024-10-24T09:45:22+00:00","dateModified":"2024-11-10T09:55:09+00:00","breadcrumb":{"@id":"https:\/\/arkikom.com\/da\/om\/#breadcrumb"},"inLanguage":"da-DK","potentialAction":[{"@type":"ReadAction","target":["https:\/\/arkikom.com\/da\/om\/"]}]},{"@type":"BreadcrumbList","@id":"https:\/\/arkikom.com\/da\/om\/#breadcrumb","itemListElement":[{"@type":"ListItem","position":1,"name":"Home","item":"https:\/\/arkikom.com\/da\/"},{"@type":"ListItem","position":2,"name":"Om"}]},{"@type":"WebSite","@id":"https:\/\/arkikom.com\/#website","url":"https:\/\/arkikom.com\/","name":"Arkikom","description":"ARCHITECTURE -RETAIL-SOLUTIONS","potentialAction":[{"@type":"SearchAction","target":{"@type":"EntryPoint","urlTemplate":"https:\/\/arkikom.com\/?s={search_term_string}"},"query-input":{"@type":"PropertyValueSpecification","valueRequired":true,"valueName":"search_term_string"}}],"inLanguage":"da-DK"}]}},"_links":{"self":[{"href":"https:\/\/arkikom.com\/da\/wp-json\/wp\/v2\/pages\/205","targetHints":{"allow":["GET"]}}],"collection":[{"href":"https:\/\/arkikom.com\/da\/wp-json\/wp\/v2\/pages"}],"about":[{"href":"https:\/\/arkikom.com\/da\/wp-json\/wp\/v2\/types\/page"}],"author":[{"embeddable":true,"href":"https:\/\/arkikom.com\/da\/wp-json\/wp\/v2\/users\/1"}],"replies":[{"embeddable":true,"href":"https:\/\/arkikom.com\/da\/wp-json\/wp\/v2\/comments?post=205"}],"version-history":[{"count":3,"href":"https:\/\/arkikom.com\/da\/wp-json\/wp\/v2\/pages\/205\/revisions"}],"predecessor-version":[{"id":230,"href":"https:\/\/arkikom.com\/da\/wp-json\/wp\/v2\/pages\/205\/revisions\/230"}],"wp:attachment":[{"href":"https:\/\/arkikom.com\/da\/wp-json\/wp\/v2\/media?parent=205"}],"curies":[{"name":"wp","href":"https:\/\/api.w.org\/{rel}","templated":true}]}}